{"id":121,"date":"2018-05-28T08:21:25","date_gmt":"2018-05-28T08:21:25","guid":{"rendered":"https:\/\/www.dein-atem.ch\/dacms\/?page_id=121"},"modified":"2023-03-14T12:17:04","modified_gmt":"2023-03-14T12:17:04","slug":"ueber-mich","status":"publish","type":"page","link":"https:\/\/www.dein-atem.ch\/dacms\/?page_id=121","title":{"rendered":"\u00dcber mich"},"content":{"rendered":"\n<h1 class=\"wp-block-heading\">\u00dcber mich<\/h1>\n\n\n\n<p>Durch meine langj\u00e4hrige T\u00e4tigkeit als Medizinische Praxisassistentin habe ich viele Menschen kennengelernt. H\u00e4ufig h\u00e4tte ich mir pers\u00f6nlich mehr Zeit gew\u00fcnscht, um mich auf die Patienten einzulassen und sie in ihren Selbstheilungskr\u00e4ften zu unterst\u00fctzen.<\/p>\n\n\n\n<p>Ich finde die Schulmedizin grunds\u00e4tzlich spannend und es ist eindr\u00fccklich, was sie alles erreicht hat. F\u00fcr mich war jedoch immer klar: Nichts alleine ist die Wahrheit! Die Ganzheitlich-Integrative Atemtherapie erm\u00f6glicht es mir nun, Menschen in ganzheitlicher Weise zu begegnen und zu begleiten. Ich m\u00f6chte das Empfindungsbewusstsein der Menschen f\u00f6rdern, damit sie ihre Selbstwirksamkeit wieder entdecken k\u00f6nnen.<\/p>\n\n\n<div class=\"aux-row aux-col2 aux-tb-col1 aux-mb-col1\">\n<div class=\"aux-col\">\n<p><img loading=\"lazy\" decoding=\"async\" class=\"alignnone size-full wp-image-139\" src=\"https:\/\/www.dein-atem.ch\/dacms\/wp-content\/uploads\/2022\/10\/PortraitB.jpg\" alt=\"\" width=\"600\" height=\"356\" \/><\/p>\n<\/div>\n<div class=\"aux-col\">\n<p><strong><br \/>Desir\u00e9e Ortner <\/strong><br \/>\n<strong>Ganzheitlich-Integrative Atemtherapeutin (GIA) IKP<\/strong><\/p>\n<\/div>\n<\/div>\n\n\n\n<blockquote class=\"wp-block-quote\">\n<p class=\"has-text-align-center\">\u201eDu bist das, was den Atem atmet.\u201c Rumi<\/p>\n<\/blockquote>\n\n\n\n<p>Dieses Zitat ber\u00fchrt mich sehr, weil es mir zeigt, dass das, was unser \u201eSein\u201c ist, unseren Atem bestimmt. Gepr\u00e4gt vom individuellen Charakter, von Gef\u00fchlen, Gedanken und pers\u00f6nlicher Herkunft.<\/p>\n\n\n\n<p><strong>Werdegang<\/strong><\/p>\n\n\n\n<ul>\n<li>2017-2021 Ausbildung zur Ganzheitlich-Integrativen Atemtherapeutin am Institut f\u00fcr k\u00f6rperzentrierte Psychotherapie (IKP) in Z\u00fcrich<\/li>\n\n\n\n<li>2004-2020 Medizinische Praxisassistentin Urologie, Gyn\u00e4kologie, Regulative Medizin, Rheumatologie, Innere Medizin, Dermatologie und Arztsekret\u00e4rin Handchirurgie<\/li>\n\n\n\n<li>2005-2006 B\u00fcrofachdiplom VSH, berufsbegleitend<\/li>\n\n\n\n<li>2001-2004 Ausbildung zur Medizinischen Praxisassistentin mit Eidg. F\u00e4higkeitszeugnis<\/li>\n<\/ul>\n\n\n\n<p><strong>Fortbildungen<\/strong><\/p>\n\n\n\n<ul>\n<li>Ressourcen- und l\u00f6sungsorientierte Beratung in der Atemtherapie<\/li>\n\n\n\n<li>Atem erfahren \u2013 Atemarbeit nach Middendorf<\/li>\n\n\n\n<li>Atemwegserkrankungen<\/li>\n\n\n\n<li>Atemtherapeutische und k\u00f6rperzentrierte Interventionen in der Trauer<\/li>\n\n\n\n<li>R\u00fccken und Atem als Spiegel der Befindlichkeit<\/li>\n\n\n\n<li>Achtsamkeit und Kongruenz in der Atem- und K\u00f6rpertherapie<\/li>\n\n\n\n<li>Gespr\u00e4chsf\u00fchrung nach Carl Rogers<\/li>\n<\/ul>\n\n\n\n<p><strong>Sprachen<\/strong><\/p>\n\n\n\n<ul>\n<li>Deutsch<\/li>\n\n\n\n<li>Italienisch<\/li>\n\n\n\n<li>Englisch<\/li>\n<\/ul>\n\n\n\n<p><strong>Mitgliedschaft in Berufsverb\u00e4nden<\/strong><\/p>\n\n\n\n<ul>\n<li>Atemfachverband Schweiz AFS<\/li>\n<\/ul>\n","protected":false},"excerpt":{"rendered":"<p>\u00dcber mich Durch meine langj\u00e4hrige T\u00e4tigkeit als Medizinische Praxisassistentin habe ich viele Menschen kennengelernt. H\u00e4ufig h\u00e4tte ich mir pers\u00f6nlich mehr Zeit gew\u00fcnscht, um mich auf die Patienten einzulassen und sie in ihren Selbstheilungskr\u00e4ften zu unterst\u00fctzen. Ich finde die Schulmedizin grunds\u00e4tzlich spannend und es ist eindr\u00fccklich, was sie alles erreicht hat. F\u00fcr mich war jedoch immer [&hellip;]<\/p>\n","protected":false},"author":1,"featured_media":0,"parent":0,"menu_order":0,"comment_status":"closed","ping_status":"closed","template":"","meta":{"footnotes":""},"_links":{"self":[{"href":"https:\/\/www.dein-atem.ch\/dacms\/index.php?rest_route=\/wp\/v2\/pages\/121"}],"collection":[{"href":"https:\/\/www.dein-atem.ch\/dacms\/index.php?rest_route=\/wp\/v2\/pages"}],"about":[{"href":"https:\/\/www.dein-atem.ch\/dacms\/index.php?rest_route=\/wp\/v2\/types\/page"}],"author":[{"embeddable":true,"href":"https:\/\/www.dein-atem.ch\/dacms\/index.php?rest_route=\/wp\/v2\/users\/1"}],"replies":[{"embeddable":true,"href":"https:\/\/www.dein-atem.ch\/dacms\/index.php?rest_route=%2Fwp%2Fv2%2Fcomments&post=121"}],"version-history":[{"count":8,"href":"https:\/\/www.dein-atem.ch\/dacms\/index.php?rest_route=\/wp\/v2\/pages\/121\/revisions"}],"predecessor-version":[{"id":156,"href":"https:\/\/www.dein-atem.ch\/dacms\/index.php?rest_route=\/wp\/v2\/pages\/121\/revisions\/156"}],"wp:attachment":[{"href":"https:\/\/www.dein-atem.ch\/dacms\/index.php?rest_route=%2Fwp%2Fv2%2Fmedia&parent=121"}],"curies":[{"name":"wp","href":"https:\/\/api.w.org\/{rel}","templated":true}]}}