{"id":9,"date":"2018-05-12T15:43:02","date_gmt":"2018-05-12T15:43:02","guid":{"rendered":"https:\/\/www.dein-atem.ch\/dacms\/?page_id=9"},"modified":"2023-03-14T12:11:03","modified_gmt":"2023-03-14T12:11:03","slug":"home","status":"publish","type":"page","link":"https:\/\/www.dein-atem.ch\/dacms\/","title":{"rendered":"Willkommen"},"content":{"rendered":"\n<h1 class=\"wp-block-heading\">Willkommen<\/h1>\n\n\n\n<p>Die Ganzheitlich-Integrative Atemtherapie (GIA) IKP betrachtet K\u00f6rper, Geist und Psyche als untrennbares Ganzes und ist vom humanistischen Menschenbild gepr\u00e4gt. Bei der GIA dient der Atem als roter Faden, um Geist und K\u00f6rper wieder in Einklang zu bringen. <\/p>\n\n\n\n<blockquote class=\"wp-block-quote\">\n<p class=\"has-text-align-center\">Bewusst im Leben<\/p>\n<\/blockquote>\n\n\n\n<p><strong>Was ist Ganzheitlich-Integrative Atemtherapie?<\/strong><\/p>\n\n\n\n<p>Atemtherapie spricht die Eutonie (ausgewogene K\u00f6rperspannung) an, nicht zu viel und nicht zu wenig, damit der Mensch in sich und mit seiner Umgebung in Harmonie leben kann. Die Therapiemethode geht integrativ und individuell auf den Menschen ein. Sie ist k\u00f6rperzentriert, prozesszentriert und interaktiv. <\/p>\n\n\n\n<p><strong>Was erwartet Dich in einer Atemsitzung?<\/strong><\/p>\n\n\n\n<p>Durch Atemarbeit, Bewegungs\u00fcbungen, Atemmassage, Imagination und therapeutische Gespr\u00e4che f\u00f6rdern wir Deine Selbstregulation. Eine Sitzung dauert eine bis eineinhalb Stunden. <\/p>\n\n\n\n<p><strong>Wie kann Dich die Atemtherapie unterst\u00fctzen?<\/strong><\/p>\n\n\n\n<p>In einer Atemsitzung entdecken und f\u00f6rdern wir gemeinsam Deine individuellen Ressourcen. Damit kannst Du aus Deiner St\u00e4rke heraus den Herausforderungen des Lebens begegnen. Der K\u00f6rper ist eine grosse Ressource. Er kann als ruhiger Hafen erlebt werden. Wenn wir unsere Wahrnehmung auf unsere K\u00f6rperempfindungen legen, kommen wir mit unseren Bed\u00fcrfnissen in Kontakt. Es ist mir ein Anliegen, Dich in Deiner Selbsterm\u00e4chtigung zu st\u00e4rken. Damit m\u00f6chte ich Dich ermutigen, mit gesundheitlichen Herausforderungen aktiv umzugehen. <\/p>\n\n\n\n<p><strong>Die Atemtherapie kann Dir helfen<\/strong><\/p>\n\n\n\n<ul>\n<li>bei akuten oder chronischen Schmerzen, Reizblase, Reizdarm, Migr\u00e4ne, Tinnitus<\/li>\n\n\n\n<li>bei Asthma und anderen Atemwegserkrankungen<\/li>\n\n\n\n<li>bei Sorgen, \u00c4ngsten, Ersch\u00f6pfung, Depressionen, Stress und Burn-out<\/li>\n\n\n\n<li>bei Schlafproblemen, Z\u00e4hneknirschen, Lernschwierigkeiten, Trauerprozessen<\/li>\n\n\n\n<li>zur Verbesserung der sportlichen Leistungsf\u00e4higkeit<\/li>\n\n\n\n<li>zur F\u00f6rderung eines gesunden Lebensstils<\/li>\n<\/ul>\n\n\n\n<p><strong>Die Atemtherapie kann unterst\u00fctzend sein f\u00fcr Dich<\/strong><\/p>\n\n\n\n<ul>\n<li>als Erg\u00e4nzung zu einer bestehenden Psychotherapie<\/li>\n\n\n\n<li>vor und nach operativen Eingriffen<\/li>\n\n\n\n<li>begleitend zur Physiotherapie<\/li>\n<\/ul>\n\n\n\n<p><strong>Mitbringen<\/strong><\/p>\n\n\n\n<p>Bequeme Kleidung<br><\/p>\n\n\n\n<h3 class=\"wp-block-heading\">Angebot<\/h3>\n\n\n\n<p>Bewusst eingesetzte Atmung kann Schmerzen lindern und zu einem verbesserten K\u00f6rperempfinden beitragen. Dies wiederum kann Stress mindern und sowohl physische wie psychische Blockaden l\u00f6sen. Mein Angebot beinhaltet zurzeit Atem- und K\u00f6rper\u00fcbungen (K\u00f6rperwahrnehmung), Atemraumaufbau, Atemmassage und taktile Ateminterventionen.<\/p>\n\n\n\n<blockquote class=\"wp-block-quote\">\n<p class=\"has-text-align-center\">Dein Atem ist \u2013 Dein Atem sp\u00fcrt \u2013 Dein Atem f\u00fchrt<\/p>\n<\/blockquote>\n\n\n\n<p><strong>Therapieformen<\/strong><\/p>\n\n\n\n<ul>\n<li>K\u00f6rperzentrierte \u00dcbungen und Atembehandlungen zur Schulung des Empfindungsbewusstseins<\/li>\n\n\n\n<li>F\u00f6rderung von Ressourcen und Selbstwirksamkeit<\/li>\n\n\n\n<li>St\u00e4rkung der Selbstregulation<\/li>\n\n\n\n<li>Optimierung des Energiehaushaltes durch bewusste Atmung<\/li>\n\n\n\n<li>Ressourcen- und l\u00f6sungsorientierte Gespr\u00e4che<\/li>\n<\/ul>\n\n\n\n<p><strong>Spezialgebiete<\/strong><\/p>\n\n\n\n<ul>\n<li>Stressregulation<\/li>\n\n\n\n<li>Somatische Beschwerden ohne klinische Diagnose<\/li>\n\n\n\n<li>Chronische Schmerzen (mit\/ohne klinische Diagnose)<\/li>\n\n\n\n<li>Begleiten von Trauerpozessen und Ver\u00e4nderungen<\/li>\n\n\n\n<li>Panikattaken, Pr\u00fcfungs\u00e4ngste, \u00c4ngste vor klinischen Eingriffen<\/li>\n\n\n\n<li>Unterst\u00fctzend bei bestehender psychologischer Therapie: Suchtproblematiken, Depressionen, Burn-out\n<ul><\/ul>\n<\/li>\n<\/ul>\n\n\n\n<p><strong>Abrechnung<\/strong><\/p>\n\n\n\n<ul>\n<li>Abrechnung \u00fcber Zusatzversicherung<\/li>\n<\/ul>\n\n\n\n<p><strong>Zielgruppe<\/strong><\/p>\n\n\n\n<ul>\n<li>Erwachsene<\/li>\n\n\n\n<li>Jugendliche<br>\n<ul><\/ul>\n<\/li>\n<\/ul>\n\n\n\n<h3 class=\"wp-block-heading\">Kontakt<\/h3>\n\n\n\n<p><strong>Desir\u00e9e Ortner<\/strong><\/p>\n\n\n\n<p><a href=\"https:\/\/w3-zentrum.ch\/\" data-type=\"URL\" data-id=\"https:\/\/w3-zentrum.ch\/\">W3-Zentrum<\/a><br>Wartstrasse 3 beim Hauptbahnhof Winterthur<\/p>\n\n\n\n<p class=\"has-text-align-left\"><strong>Kontaktieren Sie mich unverbindlich und lassen Sie uns gemeinsam herausfinden, welche Therapie am besten zu Ihnen passt.<\/strong><br><br><strong>Telefon 079 549 89 64<\/strong><br><strong>E-Mail <a href=\"mailto:info@dein-atem.ch\">info@dein-atem.ch<\/a><\/strong><\/p>\n","protected":false},"excerpt":{"rendered":"<p>Willkommen Die Ganzheitlich-Integrative Atemtherapie (GIA) IKP betrachtet K\u00f6rper, Geist und Psyche als untrennbares Ganzes und ist vom humanistischen Menschenbild gepr\u00e4gt. Bei der GIA dient der Atem als roter Faden, um Geist und K\u00f6rper wieder in Einklang zu bringen. Bewusst im Leben Was ist Ganzheitlich-Integrative Atemtherapie? Atemtherapie spricht die Eutonie (ausgewogene K\u00f6rperspannung) an, nicht zu viel [&hellip;]<\/p>\n","protected":false},"author":1,"featured_media":0,"parent":0,"menu_order":0,"comment_status":"closed","ping_status":"closed","template":"","meta":{"footnotes":""},"_links":{"self":[{"href":"https:\/\/www.dein-atem.ch\/dacms\/index.php?rest_route=\/wp\/v2\/pages\/9"}],"collection":[{"href":"https:\/\/www.dein-atem.ch\/dacms\/index.php?rest_route=\/wp\/v2\/pages"}],"about":[{"href":"https:\/\/www.dein-atem.ch\/dacms\/index.php?rest_route=\/wp\/v2\/types\/page"}],"author":[{"embeddable":true,"href":"https:\/\/www.dein-atem.ch\/dacms\/index.php?rest_route=\/wp\/v2\/users\/1"}],"replies":[{"embeddable":true,"href":"https:\/\/www.dein-atem.ch\/dacms\/index.php?rest_route=%2Fwp%2Fv2%2Fcomments&post=9"}],"version-history":[{"count":33,"href":"https:\/\/www.dein-atem.ch\/dacms\/index.php?rest_route=\/wp\/v2\/pages\/9\/revisions"}],"predecessor-version":[{"id":158,"href":"https:\/\/www.dein-atem.ch\/dacms\/index.php?rest_route=\/wp\/v2\/pages\/9\/revisions\/158"}],"wp:attachment":[{"href":"https:\/\/www.dein-atem.ch\/dacms\/index.php?rest_route=%2Fwp%2Fv2%2Fmedia&parent=9"}],"curies":[{"name":"wp","href":"https:\/\/api.w.org\/{rel}","templated":true}]}}